{"id":448,"date":"2024-03-25T09:02:57","date_gmt":"2024-03-25T09:02:57","guid":{"rendered":"https:\/\/tecnicolighting.it\/?page_id=448"},"modified":"2025-02-17T05:48:45","modified_gmt":"2025-02-17T05:48:45","slug":"about","status":"publish","type":"page","link":"https:\/\/tecnicolighting.it\/de\/about\/","title":{"rendered":"About us"},"content":{"rendered":"<div class=\"wpb-content-wrapper\"><div class=\"vc_row wpb_row vc_row-fluid\"><div class=\"wpb_column vc_column_container vc_col-sm-12\"><div class=\"vc_column-inner\"><div class=\"wpb_wrapper\"> \r\n\r\n\r\n<!-- About one html start  -->\r\n\r\n \r\n<section class=\"about-main\">\r\n            <div class=\"container\">\r\n                <div class=\"row\">\r\n                    <div class=\"col-xs-12 col-sm-12 col-md-7 col-lg-7\">\r\n                        <div class=\"about-contents\">\r\n                            <h2> <strong>Materialien - Gips<\/strong> <\/h2>\r\n                            <p>Die Formen von Tecnico ergeben sich aus den unendlichen M\u00f6glichkeiten, die die Verwendung von Gips bietet, einem natu\u0308rlichen Material, das aus \u00f6kologischer und baubiologischer Sicht ideal ist, da es ungiftig, pH-neutral und nicht brennbar ist. Die Produkte von Tecnico sind so konzipiert, dass sie sich in die zeitgen\u00f6ssische Wohnarchitektur einfu\u0308gen und langlebig sind. Alle Tecnico-Produkte verwenden hocheffiziente Lichtquellen (integrierte LEDs oder LED-Glu\u0308hbirnen), die daher eine gro\u00dfe Lichtmenge bei geringem Verbrauch abgeben.\n\nInfrarot-Analyse von Gips von Tecnico durch das Pru\u0308flabor Catas S.p.A: die Analyse wurde mit der ATR-Technik durch direkten Kontakt des Produkts mit dem Sensorkristall durchgefu\u0308hrt. Das daraus resultierende Infrarotspektrum zeigt im Produktmaterial nur das Vorhandensein von Calciumsulfat-Dihydrat, das unter dem Namen Gips bekannt ist.<\/p>\n<p>Analisi infrarossa sui gessi Tecnico da parte del Laboratorio di prova Catas S.p.A.: l\u2019analisi \u00e8 statacondotta con la tecnica ATR per contatto diretto del prodotto con il cristallo del sensore. Lo spettro infrarosso risultante mostra nella materia del prodotto la sola presenza di Solfato di Calcio Biidrato, conosciuto con il nome comune di Gesso.<\/p>\n \r\n                        <\/div>\r\n                    <\/div>\r\n                    <div class=\"col-xs-12 col-sm-12 col-md-5 col-lg-5\">\r\n                        <div class=\"about-imagebox\">\r\n                            <img decoding=\"async\" src=\"https:\/\/tecnicolighting.it\/wp-content\/uploads\/2024\/03\/1.webp\" alt=\"\">\r\n                        <\/div>\r\n                    <\/div>\r\n                <\/div>\r\n                <div class=\"row\">\r\n                    <div class=\"col-xs-12 col-sm-12 col-md-5 col-lg-5\">\r\n                        <div class=\"about-imagebox\">\r\n                         <img decoding=\"async\" src=\"https:\/\/tecnicolighting.it\/wp-content\/uploads\/2024\/03\/2.webp\" alt=\"\">\r\n                        <\/div>\r\n                    <\/div>\r\n                    <div class=\"col-xs-12 col-sm-12 col-md-7 col-lg-7\">\r\n                        <div class=\"about-contents\">\r\n                          <h2> <strong>Materialien - Aluminium<\/strong> <\/h2>\r\n                            <p>Die Kernkomponente von Tecnico sind stranggepresste Aluminiumprodukte. Aluminiumprodukte sind von Natur aus leicht, langlebig, widerstandsf\u00e4hig und oxidieren nicht. Dank der vollst\u00e4ndigen Recycelbarkeit dieses Materials am Ende seiner Lebensdauer erh\u00f6hen sie die Nachhaltigkeit.<\/p>\n<p>Die Abdeckungen und die hocheffizienten LED-Leuchtmittel k\u00f6nnen leicht demontiert werden, um die verschiedenen Materialien getrennt zu recyceln.<\/p> \r\n                        <\/div>\r\n                    <\/div>\r\n\r\n                <\/div>\r\n            <\/div>\r\n        <\/section>\r\n \r\n\r\n<!-- about one html end  -->\r\n\r\n\r\n\r\n\r\n<\/div><\/div><\/div><\/div><div class=\"vc_row wpb_row vc_row-fluid gzi_page_design\"><div class=\"wpb_column vc_column_container vc_col-sm-12\"><div class=\"vc_column-inner\"><div class=\"wpb_wrapper\"> \r\n\r\n\r\n<!-- About one html start  -->\r\n\r\n \r\n<section class=\"about-main\">\r\n            <div class=\"container\">\r\n                <div class=\"row\">\r\n                    <div class=\"col-xs-12 col-sm-12 col-md-7 col-lg-7\">\r\n                        <div class=\"about-contents\">\r\n                            <h2> <strong>5 Jahre Garantie<\/strong> <\/h2>\r\n                            <p>F\u00fcr Tecnico Natural Light Produkte ist es m\u00f6glich, die Garantie auf bis zu 5 Jahre zu verl\u00e4ngern. Die Verl\u00e4ngerung der Garantie ist sehr einfach: Sie m\u00fcssen nur den entsprechen - den Bereich auf der Website <a href=\"https:\/\/tecnicolighting.it\/de\/\">tecnicolighting.it<\/a>aufrufen oder den QR-Code verwenden, der sich in der Montageanleitung in der Schachtel oder auf dieser Katalogseite befindet; f\u00fcllen Sie das Formular aus und die Garantie wird verl\u00e4ngert.<\/p>\n\n<div class=\"gzin_btn_qr\">\n    <a class=\"gzi_btn\" href=\"https:\/\/sforzinilluminazione.com\/en\/warranty\/\">Garantie aktivieren<\/a>\n\n    <img decoding=\"async\" class=\"gzi_qr_code\"\n        src=\"https:\/\/tecnicolighting.it\/wp-content\/uploads\/2024\/10\/CleanShot-2024-10-15-at-15.48.28.png\" alt=\"\">\n<\/div> \r\n                        <\/div>\r\n                    <\/div>\r\n                    <div class=\"col-xs-12 col-sm-12 col-md-5 col-lg-5\">\r\n                        <div class=\"about-imagebox\">\r\n                            <img decoding=\"async\" src=\"https:\/\/tecnicolighting.it\/wp-content\/uploads\/2024\/10\/CleanShot-2024-10-15-at-14.18.21.png\" alt=\"\">\r\n                        <\/div>\r\n                    <\/div>\r\n                <\/div>\r\n                <div class=\"row\">\r\n                    <div class=\"col-xs-12 col-sm-12 col-md-5 col-lg-5\">\r\n                        <div class=\"about-imagebox\">\r\n                         <img decoding=\"async\" src=\"\" alt=\"\">\r\n                        <\/div>\r\n                    <\/div>\r\n                    <div class=\"col-xs-12 col-sm-12 col-md-7 col-lg-7\">\r\n                        <div class=\"about-contents\">\r\n                          <h2>  <\/h2>\r\n                             \r\n                        <\/div>\r\n                    <\/div>\r\n\r\n                <\/div>\r\n            <\/div>\r\n        <\/section>\r\n \r\n\r\n<!-- about one html end  -->\r\n\r\n\r\n\r\n\r\n<\/div><\/div><\/div><\/div><div class=\"vc_row wpb_row vc_row-fluid\"><div class=\"wpb_column vc_column_container vc_col-sm-12\"><div class=\"vc_column-inner\"><div class=\"wpb_wrapper\"> \n\n\n<!-- About two html start  -->\n\n<section class=\"about-video-main\">\n            <div class=\"container\">\n                <div class=\"row\">\n                    <div class=\"col-xs-12 col-sm-12 col-md-12 col-lg-12\">\n                        <div class=\"contents\">\n                            <h2> <strong>Qualit\u00e4t und nachhaltige Materialien<\/strong> <\/h2>\n                            <video controls loop preload=\"none\" autoplay muted>\n                                <source src=\"https:\/\/tecnicolighting.it\/wp-content\/uploads\/2025\/02\/Sforzin-Espositore-V3-24-02.mp4\" type=\"video\/mp4\">\n                            <\/video>\n                        <\/div>\n                    <\/div>\n                <\/div>\n            <\/div>\n<\/section>\n \n\n<!-- about two html end  -->\n\n\n\n\n<\/div><\/div><\/div><\/div><div class=\"vc_row wpb_row vc_row-fluid gzi_page_design\"><div class=\"wpb_column vc_column_container vc_col-sm-12\"><div class=\"vc_column-inner\"><div class=\"wpb_wrapper\">    <style>\r\n    .about_cta_new_sec{\r\n        background-color: #e9e9e9;\r\n    }\r\n        .about_cta_new_flow{\r\n            align-items: center;\r\n        }\r\n        .ctaSlider .swiper-pagination-bullet-active{\r\n            background: #cb1a24;\r\n        }\r\n        .about_ncta_btn a{\r\n            color: #000;\r\n            font-size: 30px;\r\n            line-height: 39px;\r\n            font-weight: 700;\r\n            text-decoration: underline;\r\n        }\r\n        .about_ncta_desc,\r\n        .about_ncta_desc p{\r\n            font-size: 26px!important;\r\n            line-height: 1.4!important;\r\n        }\r\n\r\n        @media only screen and (max-width: 768px) {\r\n            .about-contents.about_cta_new{\r\n                margin-top: 24px;\r\n            }\r\n            .about_ncta_desc,\r\n            .about_ncta_desc p{\r\n                font-size: 16px!important;\r\n                line-height: 1.2!important;\r\n            }\r\n            .about_ncta_btn a{\r\n                font-size: 18px;\r\n                line-height: 27px;\r\n            }\r\n        }\r\n    <\/style>\r\n    <section class=\"about-main about_cta_new_sec\">\r\n        <div class=\"container\">\r\n            <div class=\"row about_cta_new_flow\">\r\n                <div class=\"col-xs-12 col-sm-12 col-md-5 col-lg-5\">\r\n                    <div class=\"swiper ctaSlider\">\r\n                        <div class=\"swiper-wrapper\">\r\n                                                                                                <div class=\"swiper-slide\">\r\n                                        <img decoding=\"async\" src=\"https:\/\/tecnicolighting.it\/wp-content\/uploads\/2025\/02\/Espositore_Bancone_7_11_24.1064.webp\" alt=\"Slider Image\">\r\n                                    <\/div>\r\n                                                                    <div class=\"swiper-slide\">\r\n                                        <img decoding=\"async\" src=\"https:\/\/tecnicolighting.it\/wp-content\/uploads\/2025\/02\/Espositore_Bancone_7_11_24.1065.webp\" alt=\"Slider Image\">\r\n                                    <\/div>\r\n                                                                                    <\/div>\r\n                        <div class=\"swiper-pagination\"><\/div>\r\n                    <\/div>\r\n                <\/div>\r\n                <div class=\"col-xs-12 col-sm-12 col-md-7 col-lg-7\">\r\n                    <div class=\"about-contents about_cta_new\">\r\n                        <h2><strong>Espositore da banco<\/strong><\/h2>\r\n                        <div class=\"about_ncta_desc\">\r\n                            <p>Se sei un rivenditore, chiedi informazioni su come richiedere l&#8217;espositore<\/p>\n                        <\/div>\r\n                        <div class=\"about_ncta_btn\">\r\n                            <a href=\"\/de\/contatti\/\" >\r\n                                Contattaci Ora                            <\/a>\r\n                        <\/div> \r\n                    <\/div>\r\n                <\/div>\r\n            <\/div>\r\n        <\/div>\r\n    <\/section>\r\n    <\/div><\/div><\/div><\/div>\n<\/div>","protected":false},"excerpt":{"rendered":"<p> [&#8230;]<\/p>\n<p><a class=\"btn btn-secondary metaswiss-read-more-link\" href=\"https:\/\/tecnicolighting.it\/de\/about\/\">Weiterlesen&#8230;<\/a><\/p>\n","protected":false},"author":1,"featured_media":0,"parent":0,"menu_order":0,"comment_status":"closed","ping_status":"closed","template":"","meta":{"_acf_changed":false,"footnotes":""},"class_list":["post-448","page","type-page","status-publish","hentry"],"acf":[],"_links":{"self":[{"href":"https:\/\/tecnicolighting.it\/de\/wp-json\/wp\/v2\/pages\/448","targetHints":{"allow":["GET"]}}],"collection":[{"href":"https:\/\/tecnicolighting.it\/de\/wp-json\/wp\/v2\/pages"}],"about":[{"href":"https:\/\/tecnicolighting.it\/de\/wp-json\/wp\/v2\/types\/page"}],"author":[{"embeddable":true,"href":"https:\/\/tecnicolighting.it\/de\/wp-json\/wp\/v2\/users\/1"}],"replies":[{"embeddable":true,"href":"https:\/\/tecnicolighting.it\/de\/wp-json\/wp\/v2\/comments?post=448"}],"version-history":[{"count":16,"href":"https:\/\/tecnicolighting.it\/de\/wp-json\/wp\/v2\/pages\/448\/revisions"}],"predecessor-version":[{"id":5637,"href":"https:\/\/tecnicolighting.it\/de\/wp-json\/wp\/v2\/pages\/448\/revisions\/5637"}],"wp:attachment":[{"href":"https:\/\/tecnicolighting.it\/de\/wp-json\/wp\/v2\/media?parent=448"}],"curies":[{"name":"wp","href":"https:\/\/api.w.org\/{rel}","templated":true}]}}