{"id":3,"date":"2024-03-16T15:46:47","date_gmt":"2024-03-16T15:46:47","guid":{"rendered":"http:\/\/localhost\/urbanlight\/?page_id=3"},"modified":"2024-03-27T05:49:09","modified_gmt":"2024-03-27T05:49:09","slug":"informativa-sulla-privacy","status":"publish","type":"page","link":"https:\/\/tecnicolighting.it\/en\/informativa-sulla-privacy\/","title":{"rendered":"Informativa sulla privacy"},"content":{"rendered":"<div class=\"wpb-content-wrapper\"><div class=\"vc_row wpb_row vc_row-fluid\"><div class=\"wpb_column vc_column_container vc_col-sm-12\"><div class=\"vc_column-inner\"><div class=\"wpb_wrapper\">    \n<div class=\"r_about_us_section r_privacy_section\">\n    <div class=\"container\">\n        <h1 class=\"r_page_title\">Informativa sulla privacy<\/h1>\n        <div class=\"r_content_area\">\n            <p><strong>Informativa ex art. 13 D.lgs. 196\/2003 ed art. 14 del GDPR n. 679\/2016<\/strong><\/p>\n<p>Desideriamo informarLa che il D.lgs. n. 196 del 30 giugno 2003 ed art. 14 del GDPR n. 679\/2016 (\u201cCodice in materia di protezione dei dati personali\u201d) prevede la tutela delle persone e di altri soggetti rispetto al trattamento dei dati personali. Per \u201ctrattamento dei dati\u201d si intende qualunque operazione o complesso di operazioni, svolto anche con l'ausilio di mezzi informatici e telematici finalizzate alla raccolta, organizzazione, conservazione, elaborazione, modificazione, selezione, estrazione, raffronto, utilizzo, interconnessione, blocco, comunicazione, diffusione, cancellazione e distruzioni di detti dati. Secondo la normativa indicata, tale trattamento sar\u00e0 improntato ai principi di correttezza, liceit\u00e0 e trasparenza e di tutela della Sua riservatezza e dei Suoi diritti.<\/p>\n<p>Ai sensi dell'articolo 13 del D.lgs. n.196\/2003 ed art. 14 del GDPR n. 679\/2016, pertanto, Le forniamo le seguenti informazioni:<\/p>\n<p>1. I dati da Lei forniti verranno trattati per consentire il corretto utilizzo dei nostri servizi e\/o la fruizione del sito <a href=\"http:\/\/shop.tecnicolighting.it\" target=\"_blank\">www.tecnicolighting.it<\/a>.<\/p>\n<p>2. Il trattamento dei dati sar\u00e0 effettuato in modalit\u00e0 informatizzata presso i server di Sforzin Illuminazione. La stessa utilizza societ\u00e0, enti o consorzi a cui a cui si rivolge per l'effettuazione di operazioni necessarie per l'esecuzione delle disposizioni da Lei ricevute e la prestazione dei servizi richiesti. Tali societ\u00e0 sono dirette collaboratrici di Sforzin Illuminazione e svolgono la funzione di \u201cResponsabile del trattamento\u201d oppure operano come distinti \u201cTitolari\u201d del relativo trattamento, in totale autonomia. Si tratta, in particolare, di societ\u00e0 che svolgono servizi di pagamento, esattorie e tesorerie, societ\u00e0 finanziarie, istituti di credito, societ\u00e0 che effettuano manutenzioni a vario titolo, lavorazioni massive relative a pagamenti, assegni ed altri titoli; trasmissione, imbustamento, trasporto e smistamento delle comunicazioni; censimento dei contratti; registrazione, gestione ed archiviazione della documentazione relativa ai rapporti intercorsi con la clientela, revisione contabile e certificazioni di bilancio. Un elenco aggiornato di tali soggetti \u00e8 disponibile presso il Titolare ed \u00e8 costantemente aggiornato. Anche in questo ambito, si avr\u00e0 cura di trattare i Suoi dati secondo i principi di liceit\u00e0 e correttezza e soprattutto nei limiti della stretta necessit\u00e0. Nell'attivit\u00e0 di comunicazione sono rispettati i medesimi parametri di sicurezza richiesti a norma di legge ed i trattamenti perseguono solo le finalit\u00e0 per cui i dati sono stati raccolti. In ogni caso, i Suoi dati personali non saranno oggetto di diffusione.<\/p>\n<p>3. Il conferimento dei dati \u00e8 necessario e obbligatorio per consentire il corretto utilizzo del Sito <a href=\"http:\/\/shop.tecnicolighting.it\" target=\"_blank\">www.tecnicolighting.it<\/a> e l'eventuale rifiuto di fornire tali dati potrebbe comportare l'impossibilit\u00e0 di utilizzo dei servizi prestati da Sforzin Illuminazione attraverso il Sito.<\/p>\n<p>4. I dati non saranno comunicati ad altri soggetti, salvo sia richiesto in osservanza delle disposizioni di legge, ma potranno, in caso di espressa facoltativa approvazione, essere utilizzati da Sforzin Illuminazione per inviare materiale informativo e\/o pubblicitario per suo conto o per conto di aziende partner.<\/p>\n<p>5. Il titolare del trattamento dei dati \u00e8: Sforzin Illuminazione di Guido Sforzin - v.le dell\u2019industria, 21 20037 Paderno Dugnano (MI)<\/p>\n<p>6. Il rappresentante del titolare nel territorio dello Stato \u00e8: Sforzin Illuminazione di Guido Sforzin - v.le dell\u2019industria, 21 20037 Paderno Dugnano (MI)<\/p>\n<p>Data Protection Officer<\/p>\n<p>La struttura del Titolare \u00e8 dotata di un responsabile per la protezione dei dati (Data Protection Officer o \u201cDPO\u201d). Il DPO \u00e8 a disposizione per qualunque informazione inerente il trattamento dei dati personali di Sforzin Illuminazione, tra cui l\u2019elenco dei responsabili che trattano dati. \u00c8 possibile contattare il DPO scrivendo a: <span id=\"cloakf6c19f6d6869ca88230d1357720d7bc5\"><a href=\"mailto:dpo@tecnicolighting.it\">dpo@tecnicolighting.it<\/a><\/span><script type=\"text\/javascript\">\ndocument.getElementById('cloakf6c19f6d6869ca88230d1357720d7bc5').innerHTML = '';\nvar prefix = '&#109;a' + 'i&#108;' + '&#116;o';\nvar path = 'hr' + 'ef' + '=';\nvar addyf6c19f6d6869ca88230d1357720d7bc5 = 'dp&#111;' + '&#64;';\naddyf6c19f6d6869ca88230d1357720d7bc5 = addyf6c19f6d6869ca88230d1357720d7bc5 + '&#117;rb&#97;nl&#105;ght&#105;ng' + '&#46;' + '&#105;t';\nvar addy_textf6c19f6d6869ca88230d1357720d7bc5 = 'dp&#111;' + '&#64;' + '&#117;rb&#97;nl&#105;ght&#105;ng' + '&#46;' + '&#105;t';document.getElementById('cloakf6c19f6d6869ca88230d1357720d7bc5').innerHTML += '<a ' + path + '\\'' + prefix + ':' + addyf6c19f6d6869ca88230d1357720d7bc5 + '\\'>'+addy_textf6c19f6d6869ca88230d1357720d7bc5+'<\\\/a>';\n<\/script>.<\/p>\n<p>Diritti dell\u2019interessato<\/p>\n<p>ART. 15 \u2013 diritto di accesso dell\u2019interessato<\/p>\n<p>L'interessato ha il diritto di ottenere dal titolare del trattamento la conferma che sia o meno in corso un trattamento di dati personali che lo riguardano e in tal caso, di ottenere l'accesso ai dati personali e alle seguenti informazioni:<\/p>\n<p>a) le finalit\u00e0 del trattamento;<\/p>\n<p>b) le categorie di dati personali in questione;<\/p>\n<p>c) i destinatari o le categorie di destinatari a cui i dati personali sono stati o saranno comunicati, in particolare se destinatari di paesi terzi o organizzazioni internazionali;<\/p>\n<p>d) quando possibile, il periodo di conservazione dei dati personali previsto oppure, se non \u00e8 possibile, i criteri utilizzati per determinare tale periodo;<\/p>\n<p>e) l'esistenza del diritto dell'interessato di chiedere al titolare del trattamento la rettifica o la cancellazione dei dati personali o la limitazione del trattamento dei dati personali che lo riguardano o di opporsi al loro trattamento;<\/p>\n<p>f) il diritto di proporre reclamo a un'autorit\u00e0 di controllo;<\/p>\n<p>g) qualora i dati non siano raccolti presso l'interessato, tutte le informazioni disponibili sulla loro origine;<\/p>\n<p>h) l'esistenza di un processo decisionale automatizzato, compresa la profilazione di cui all'articolo 22, paragrafi 1 e 4, e, almeno in tali casi, informazioni significative sulla logica utilizzata, nonch\u00e9 l'importanza e le conseguenze previste di tale trattamento per l'interessato. ,<\/p>\n<p>2. Qualora i dati personali siano trasferiti a un paese terzo o a un'organizzazione internazionale, l'interessato ha il diritto di essere informato dell'esistenza di garanzie adeguate ai sensi dell'articolo 46 relative al trasferimento.<\/p>\n<p>3. Il titolare del trattamento fornisce una copia dei dati personali oggetto di trattamento. In caso di ulteriori copie richieste dall'interessato, il titolare del trattamento pu\u00f2 addebitare un contributo spese ragionevole basato sui costi amministrativi. Se l'interessato presenta la richiesta mediante mezzi elettronici, e salvo indicazione diversa dell'interessato, le informazioni sono fornite in un formato elettronico di uso comune.<\/p>\n<p>4. Il diritto di ottenere una copia di cui al paragrafo 3 non deve ledere i diritti e le libert\u00e0 altrui.<\/p>\n<p>ART. 17 \u2013 diritto alla cancellazione<\/p>\n<p>L'interessato ha il diritto di ottenere dal titolare del trattamento la cancellazione dei dati personali che lo riguardano senza ingiustificato ritardo e il titolare del trattamento ha l'obbligo di cancellare senza ingiustificato ritardo i dati personali, se sussiste uno dei motivi seguenti:<\/p>\n<p>a) i dati personali non sono pi\u00f9 necessari rispetto alle finalit\u00e0 per le quali sono stati raccolti o altrimenti trattati;<\/p>\n<p>b) l'interessato revoca il consenso su cui si basa il trattamento conformemente all'articolo 6, paragrafo 1, lettera a), o all'articolo 9, paragrafo 2, lettera a), e se non sussiste altro fondamento giuridico per il trattamento; ,<\/p>\n<p>c) l'interessato si oppone al trattamento ai sensi dell'articolo 21, paragrafo 1, e non sussiste alcun motivo legittimo prevalente per procedere al trattamento, oppure si oppone al trattamento ai sensi dell'articolo 21, paragrafo 2;<\/p>\n<p>d) i dati personali sono stati trattati illecitamente;<\/p>\n<p>e) i dati personali devono essere cancellati per adempiere un obbligo legale previsto dal diritto dell'Unione o dello Stato membro cui \u00e8 soggetto il titolare del trattamento;<\/p>\n<p>f) i dati personali sono stati raccolti relativamente all'offerta di servizi della societ\u00e0 dell'informazione di cui all'articolo 8, paragrafo 1.<\/p>\n<p>Per ottenere la cancellazione dei dati raccolti potete scrivere una email a : <span id=\"cloak910971e215e5023342179f17476d14e1\"><a href=\"mailto:cancellazione@tecnicolighting.it\">cancellazione@tecnicolighting.it<\/a><\/span><script type=\"text\/javascript\">\ndocument.getElementById('cloak910971e215e5023342179f17476d14e1').innerHTML = '';\nvar prefix = '&#109;a' + 'i&#108;' + '&#116;o';\nvar path = 'hr' + 'ef' + '=';\nvar addy910971e215e5023342179f17476d14e1 = 'c&#97;nc&#101;ll&#97;z&#105;&#111;n&#101;' + '&#64;';\naddy910971e215e5023342179f17476d14e1 = addy910971e215e5023342179f17476d14e1 + '&#117;rb&#97;nl&#105;ght&#105;ng' + '&#46;' + '&#105;t';\nvar addy_text910971e215e5023342179f17476d14e1 = 'c&#97;nc&#101;ll&#97;z&#105;&#111;n&#101;' + '&#64;' + '&#117;rb&#97;nl&#105;ght&#105;ng' + '&#46;' + '&#105;t';document.getElementById('cloak910971e215e5023342179f17476d14e1').innerHTML += '<a ' + path + '\\'' + prefix + ':' + addy910971e215e5023342179f17476d14e1 + '\\'>'+addy_text910971e215e5023342179f17476d14e1+'<\\\/a>';\n<\/script><\/p>\n<p>2. Il titolare del trattamento, se ha reso pubblici dati personali ed \u00e8 obbligato, ai sensi del paragrafo 1, a cancellarli, tenendo conto della tecnologia disponibile e dei costi di attuazione adotta le misure ragionevoli, anche tecniche, per informare i titolari del trattamento che stanno trattando i dati personali della richiesta dell'interessato di cancellare qualsiasi link, copia o riproduzione dei suoi dati personali.<\/p>\n<p>3. I paragrafi 1 e 2 non si applicano nella misura in cui il trattamento sia necessario:<\/p>\n<p>a) per l'esercizio del diritto alla libert\u00e0 di espressione e di informazione;<\/p>\n<p>b) per l'adempimento di un obbligo legale che richieda il trattamento previsto dal diritto dell'Unione o dello Stato membro cui \u00e8 soggetto il titolare del trattamento o per l'esecuzione di un compito svolto nel pubblico interesse oppure nell'esercizio di pubblici poteri di cui \u00e8 investito il titolare del trattamento; ,<\/p>\n<p>c) per motivi di interesse pubblico nel settore della sanit\u00e0 pubblica in conformit\u00e0 dell'articolo 9, paragrafo 2, lettere h) e i), e dell'articolo 9, paragrafo 3;<\/p>\n<p>d) a fini di archiviazione nel pubblico interesse, di ricerca scientifica o storica o a fini statistici conformemente all'articolo 89, paragrafo 1, nella misura in cui il diritto di cui al paragrafo 1 rischi di rendere impossibile o di pregiudicare gravemente il conseguimento degli obiettivi di tale trattamento; o<\/p>\n<p>e) per l'accertamento, l'esercizio o la difesa di un diritto in sede giudiziaria.<\/p>\n<p>Cookie, Web Beacons, tecnologie di rilevazione e tracking Indicazioni generali.<\/p>\n<p>Quando navigate su nostri siti o nostre applicazioni, vi sar\u00e0 richiesto di autorizzarci a utilizzare Cookies o sistemi di tracciamento allo scopo migliorare il servizio o di servire messaggi pubblicitari.<\/p>\n<p>In questa pagina vi forniamo le informazioni necessarie per capire al meglio perch\u00e8 vengono utilizzati i cookies su questo sito, al fine di garantire un consapevole utilizzo degli stessi.<\/p>\n<p>I Cookie e le altre tecnologie similari che vengono utilizzate hanno lo scopo di consentire un migliore utilizzo del nostro servizio o hanno lo scopo di offrirvi messaggi pubblicitari il pi\u00f9 possibile mirati. I cookie che vengono utilizzati sono principalmente di due tipi:<\/p>\n<p>Sessione: Sono quelli che vengono disattivati dopo aver chiuso il vostro browser o siete usciti dal nostro sito<\/p>\n<p>Persistenti: Sono i cookie che rimangono salvati nel vostro browser per un determinato periodo di tempo.<\/p>\n<p>Questi ultimi come i primi possono essere bloccati o cancellati andando sulla sezione Impostazioni del vostro Browser o dalle impostazioni del sistema di gestione cookies che mettiamo a disposizione su questo sito.<\/p>\n<p>Su tutti i browser in uso \u00e8 possibile navigare evitando temporaneamente che il browser registri i cookie generati dai siti abilitando la navigazione in incognito.<\/p>\n<p>Le istruzioni per farlo sono disponibili su pagina impostazioni di : Google Chrome e Google Chrome Mobile, Microsoft Internet Explorer, Mozilla Firefox, Apple Safari, Apple Safari Mobile.<\/p>\n<p>\u00c8 anche possibile disabilitare del tutto i cookie o cancellarli sempre tramite le stesse impostazioni sui medesimi Browser.<\/p>\n<p>Le aziende terze che possono utilizzare cookie sul nostro sito sono agenzie che ci aiutano nel migliorare il servizio, magari proponendo oggetti che potrebbero interessarvi rispetto a quelli che avete gia visto.<\/p>\n<p>Allo stesso modo ci sono Cookie di terze parti che consentono di mostrare servizi o oggetti visti su altri siti. In questo caso si tratta di messaggio pubblicitario profilato su di voi. In nessun caso un cookie \u00e8 abbinato ai vostri dati sensibili tramite tecnologie di <a href=\"http:\/\/shop.tecnicolighting.it\" target=\"_blank\">www.tecnicolighting.it<\/a>. Il Cookie non \u00e8 altro che un piccolo file di testo che consente di identificare in modo unico un PC, Tablet o smartphone, in modo da riconoscerlo in un secondo momento.<\/p>\n<p>Di seguito forniamo un elenco delle terze parti con cui Sforzin Illuminazione collabora e che potrebbero utilizzare cookies all'interno di <a href=\"http:\/\/shop.tecnicolighting.it\" target=\"_blank\">www.tecnicolighting.it<\/a>:<\/p>\n<p>Google Analytics : nessun salvataggio di UserID. \u00e9 da considerarsi inclusa anche l'insieme delle funzionalit\u00e0 collegate a AdWords, Search Console e Tag Manager <a href=\"https:\/\/policies.google.com\/privacy\/update?hl=en\" target=\"_blank\">https:\/\/policies.google.com\/privacy\/update?hl=en<\/a><\/p>\n<p>Google AdWords Conversion Tracking : codice di rilevazione di azioni sul sito (registrazione, vendita ecc)<\/p>\n<p>Facebook Pixel inkl. Facebook Custom Audiences: pixel che consente di rilevare la visita ad un sito per poi mostrare messaggio pubblicitario su piattaforma Facebook.<\/p>\n<p>Outbrain: pixel che consente di rilevare la visita ad un sito per poi mostrare messaggio pubblicitario su altri siti<\/p>\n<p>Criteo: pixel che consente di rilevare la visita ad un sito per poi mostrare messaggio pubblicitario su altri siti: <a href=\"https:\/\/www.criteo.com\/privacy\/\" target=\"_blank\">https:\/\/www.criteo.com\/privacy\/<\/a><\/p>\n<p>Awin: <a href=\"https:\/\/www.awin.com\/us\/legal\" target=\"_blank\">https:\/\/www.awin.com\/us\/legal<\/a><\/p>\n<p>Tradedoubler: <a href=\"http:\/\/www.tradedoubler.com\/privacy-policy\/\" target=\"_blank\">http:\/\/www.tradedoubler.com\/privacy-policy\/<\/a><\/p>\n<p>Timeonegroup: <a href=\"https:\/\/www.timeonegroup.com\/en\/privacy-policies\/\" target=\"_blank\">https:\/\/www.timeonegroup.com\/en\/privacy-policies\/<\/a><\/p>\n<p>ClickAdv srl: <a href=\"http:\/\/www.payclick.it\/it\/privacy\" target=\"_blank\">http:\/\/www.payclick.it\/it\/privacy<\/a><\/p>\n<p>Clickpoint marketing SLU: <a href=\"http:\/\/www.now.clickpoint.com\/privacy\" target=\"_blank\">http:\/\/www.now.clickpoint.com\/privacy<\/a><\/p>\n<p>TradeTracker: <a href=\"https:\/\/tradetracker.com\/it\/eprivacy-il-nuovo-regolamento\/privacy\/\" target=\"_blank\">https:\/\/tradetracker.com\/it\/eprivacy-il-nuovo-regolamento\/privacy\/<\/a><\/p>\n<p>WebGains: <a href=\"http:\/\/www.webgains.it\/public\/privacy\/\" target=\"_blank\">http:\/\/www.webgains.it\/public\/privacy\/<\/a><\/p>\n<p>Webperformance: <a href=\"https:\/\/www.webperformance.it\/privacy\" target=\"_blank\">https:\/\/www.webperformance.it\/privacy<\/a><\/p>\nPotete verificare quali cookie attualmente avete nel browser e eventualmente eliminarli tramite il seguente servizio: <a href=\"http:\/\/www.youronlinechoices.com\/it\/\" target=\"_blank\">http:\/\/www.youronlinechoices.com\/it\/<\/a>        <\/div>\n    <\/div>\n<\/div>\n\n\n<\/div><\/div><\/div><\/div>\n<\/div>","protected":false},"excerpt":{"rendered":"<p> [&#8230;]<\/p>\n<p><a class=\"btn btn-secondary metaswiss-read-more-link\" href=\"https:\/\/tecnicolighting.it\/en\/informativa-sulla-privacy\/\">Read More&#8230;<\/a><\/p>\n","protected":false},"author":1,"featured_media":0,"parent":0,"menu_order":0,"comment_status":"closed","ping_status":"closed","template":"","meta":{"_acf_changed":false,"footnotes":""},"class_list":["post-3","page","type-page","status-publish","hentry"],"acf":[],"_links":{"self":[{"href":"https:\/\/tecnicolighting.it\/en\/wp-json\/wp\/v2\/pages\/3","targetHints":{"allow":["GET"]}}],"collection":[{"href":"https:\/\/tecnicolighting.it\/en\/wp-json\/wp\/v2\/pages"}],"about":[{"href":"https:\/\/tecnicolighting.it\/en\/wp-json\/wp\/v2\/types\/page"}],"author":[{"embeddable":true,"href":"https:\/\/tecnicolighting.it\/en\/wp-json\/wp\/v2\/users\/1"}],"replies":[{"embeddable":true,"href":"https:\/\/tecnicolighting.it\/en\/wp-json\/wp\/v2\/comments?post=3"}],"version-history":[{"count":9,"href":"https:\/\/tecnicolighting.it\/en\/wp-json\/wp\/v2\/pages\/3\/revisions"}],"predecessor-version":[{"id":469,"href":"https:\/\/tecnicolighting.it\/en\/wp-json\/wp\/v2\/pages\/3\/revisions\/469"}],"wp:attachment":[{"href":"https:\/\/tecnicolighting.it\/en\/wp-json\/wp\/v2\/media?parent=3"}],"curies":[{"name":"wp","href":"https:\/\/api.w.org\/{rel}","templated":true}]}}